{"id":565,"date":"2021-01-24T16:33:35","date_gmt":"2021-01-24T16:33:35","guid":{"rendered":"https:\/\/cuidatassistencia.cat\/?page_id=565"},"modified":"2021-03-09T15:04:45","modified_gmt":"2021-03-09T15:04:45","slug":"blog-cuidat","status":"publish","type":"page","link":"https:\/\/cuidatassistencia.cat\/es\/blog-cuidat\/","title":{"rendered":"Blog"},"content":{"rendered":"<p>[et_pb_section fb_built=\u00bb1&#8243; admin_label=\u00bbHero\u00bb _builder_version=\u00bb3.22&#8243; custom_margin=\u00bb||-63px|||\u00bb custom_padding=\u00bb47px|0px|47px|0px|true|false\u00bb bottom_divider_height=\u00bb0px\u00bb][et_pb_row _builder_version=\u00bb3.25&#8243; min_height=\u00bb232.7px\u00bb custom_margin=\u00bb|||\u00bb custom_margin_tablet=\u00bb||0px|\u00bb custom_margin_last_edited=\u00bboff|desktop\u00bb custom_padding=\u00bb0px|||||\u00bb][et_pb_column type=\u00bb4_4&#8243; _builder_version=\u00bb3.25&#8243; custom_padding=\u00bb|||\u00bb custom_padding_tablet=\u00bb0px|50px|50px|50px\u00bb custom_padding_last_edited=\u00bboff|desktop\u00bb padding_tablet=\u00bb0px|50px|50px|50px\u00bb padding_last_edited=\u00bboff|desktop\u00bb custom_padding__hover=\u00bb|||\u00bb][et_pb_text _builder_version=\u00bb3.27.4&#8243; text_font=\u00bbMontserrat|300|||||||\u00bb text_text_color=\u00bb#677a92&#8243; text_font_size=\u00bb16px\u00bb text_line_height=\u00bb1.8em\u00bb header_font=\u00bbMontserrat||||||||\u00bb header_font_size=\u00bb50px\u00bb header_line_height=\u00bb1.3em\u00bb header_2_font=\u00bb||||||||\u00bb max_width=\u00bb750px\u00bb custom_margin=\u00bb|||\u00bb custom_margin_tablet=\u00bb0px|50px||50px\u00bb custom_margin_phone=\u00bb|20px||\u00bb custom_margin_last_edited=\u00bboff|desktop\u00bb custom_padding=\u00bb3px|||||\u00bb text_line_height_tablet=\u00bb1.8em\u00bb text_line_height_phone=\u00bb1.8em\u00bb text_line_height_last_edited=\u00bbon|phone\u00bb header_font_size_tablet=\u00bb\u00bb header_font_size_phone=\u00bb36px\u00bb header_font_size_last_edited=\u00bbon|phone\u00bb header_2_font_size_phone=\u00bb30px\u00bb header_2_font_size_last_edited=\u00bboff|desktop\u00bb locked=\u00bboff\u00bb]<\/p>\n<h1>El Blog de cuida&#8217;t<\/h1>\n<p>[\/et_pb_text][et_pb_text _builder_version=\u00bb4.8.1&#8243; text_font=\u00bbMontserrat|300|||||||\u00bb text_font_size=\u00bb16px\u00bb text_line_height=\u00bb2em\u00bb link_font=\u00bb||||||||\u00bb ul_font=\u00bb||||||||\u00bb ol_font=\u00bb||||||||\u00bb quote_font=\u00bb||||||||\u00bb header_font=\u00bb||||||||\u00bb header_2_font=\u00bbMontserrat|300|||||||\u00bb header_2_text_color=\u00bb#212d3b\u00bb header_2_font_size=\u00bb40px\u00bb header_2_line_height=\u00bb1.5em\u00bb max_width=\u00bb750px\u00bb custom_margin=\u00bb|||\u00bb custom_margin_tablet=\u00bb0px|50px||50px\u00bb custom_margin_last_edited=\u00bboff|desktop\u00bb custom_padding=\u00bb|||\u00bb locked=\u00bboff\u00bb]<\/p>\n<p>Este blog est\u00e1 creado con la finalidad que usuarios y fam\u00edlias puedan obtener informaci\u00f3n y alguna idea sobre el proceso natural de envejecer.<\/p>\n<p>Esperamos que podais encontrar respuestas a preguntas y cambios del d\u00eda a d\u00eda que os sean de utilidad para afrontar esta nueva etapa.<\/p>\n<p>[\/et_pb_text][et_pb_divider show_divider=\u00bboff\u00bb _builder_version=\u00bb4.8.1&#8243; _module_preset=\u00bbdefault\u00bb][\/et_pb_divider][\/et_pb_column][\/et_pb_row][\/et_pb_section][et_pb_section fb_built=\u00bb1&#8243; admin_label=\u00bbBlog\u00bb _builder_version=\u00bb4.8.1&#8243; background_color=\u00bb#f1f5f7&#8243; min_height=\u00bb641px\u00bb custom_margin=\u00bb|||\u00bb custom_padding=\u00bb51px|0|51px|0px|true|false\u00bb border_radii=\u00bbon|50px|50px|50px|50px\u00bb box_shadow_style=\u00bbpreset6&#8243; box_shadow_color=\u00bb#03989e\u00bb][et_pb_row _builder_version=\u00bb3.25&#8243;][et_pb_column type=\u00bb4_4&#8243; _builder_version=\u00bb3.25&#8243; custom_padding=\u00bb|||\u00bb custom_padding__hover=\u00bb|||\u00bb][et_pb_blog fullwidth=\u00bboff\u00bb include_categories=\u00bb12&#8243; show_author=\u00bboff\u00bb show_categories=\u00bboff\u00bb _builder_version=\u00bb4.8.1&#8243; _module_preset=\u00bbdefault\u00bb border_radii=\u00bbon|15px|15px|15px|15px\u00bb][\/et_pb_blog][\/et_pb_column][\/et_pb_row][\/et_pb_section][et_pb_section fb_built=\u00bb1&#8243; admin_label=\u00bbSubscribe\u00bb _builder_version=\u00bb4.8.1&#8243; background_color=\u00bb#f1f5f7&#8243; background_enable_image=\u00bboff\u00bb parallax=\u00bbon\u00bb custom_margin=\u00bb0px|0px|0px|0px\u00bb custom_padding=\u00bb0|0px|0|0px|false|false\u00bb border_color_all=\u00bb#f1f5f7&#8243; border_width_bottom=\u00bb50px\u00bb][et_pb_row column_structure=\u00bb1_4,1_2,1_4&#8243; use_custom_gutter=\u00bbon\u00bb _builder_version=\u00bb4.8.1&#8243; background_color=\u00bb#f0a6a3&#8243; use_background_color_gradient=\u00bbon\u00bb background_color_gradient_start=\u00bbrgba(49,128,192,0.2)\u00bb background_color_gradient_end=\u00bbrgba(49,128,192,0.6)\u00bb background_color_gradient_overlays_image=\u00bbon\u00bb background_image=\u00bbhttps:\/\/cuidatassistencia.cat\/wp-content\/uploads\/2021\/01\/veterans-3393868_1920.jpg\u00bb width=\u00bb93%\u00bb max_width=\u00bb93%\u00bb module_alignment=\u00bbright\u00bb custom_margin=\u00bb|auto||-34px||\u00bb custom_margin_phone=\u00bb|||\u00bb custom_margin_last_edited=\u00bboff|desktop\u00bb custom_padding=\u00bb100px|69px|100px|69px|true|true\u00bb animation_style=\u00bbslide\u00bb animation_direction=\u00bbright\u00bb animation_intensity_slide=\u00bb5%\u00bb border_radii=\u00bbon|20px|20px|20px|20px\u00bb box_shadow_style=\u00bbpreset5&#8243; box_shadow_horizontal=\u00bb-75px\u00bb box_shadow_vertical=\u00bb13px\u00bb box_shadow_blur=\u00bb17px\u00bb box_shadow_color=\u00bb#f0a6a3&#8243; use_custom_width=\u00bbon\u00bb width_unit=\u00bboff\u00bb custom_width_percent=\u00bb93%\u00bb][et_pb_column type=\u00bb1_4&#8243; _builder_version=\u00bb3.25&#8243; custom_padding=\u00bb|||\u00bb custom_padding__hover=\u00bb|||\u00bb][\/et_pb_column][et_pb_column type=\u00bb1_2&#8243; _builder_version=\u00bb3.25&#8243; background_image=\u00bbhttp:\/\/masum.sandbox.etdevs.com\/divi\/wp-content\/uploads\/sites\/2\/2018\/04\/Image-4.jpg\u00bb custom_padding=\u00bb|||\u00bb custom_padding__hover=\u00bb|||\u00bb][et_pb_signup mailchimp_list=\u00bbSlavaET|03dac884f0&#8243; first_name_field=\u00bboff\u00bb last_name_field=\u00bboff\u00bb title=\u00bbSubscribete a nuestra Newsletter\u00bb button_text=\u00bbSubscribete\u00bb _builder_version=\u00bb4.8.1&#8243; form_field_background_color=\u00bb#ffffff\u00bb header_font=\u00bbMontserrat|300|||||||\u00bb header_font_size=\u00bb55px\u00bb header_line_height=\u00bb1.4em\u00bb use_background_color=\u00bboff\u00bb custom_button=\u00bbon\u00bb button_text_size=\u00bb14px\u00bb button_bg_color=\u00bb#f0a6a3&#8243; button_border_width=\u00bb18px\u00bb button_border_color=\u00bb#03989e\u00bb button_border_radius=\u00bb32px\u00bb button_letter_spacing=\u00bb1px\u00bb button_font=\u00bbMontserrat|500|||||||\u00bb text_orientation=\u00bbcenter\u00bb custom_margin=\u00bb0px|-41px||-42px||\u00bb custom_padding=\u00bb|20px||0px||\u00bb header_font_size_tablet=\u00bb40px\u00bb header_font_size_phone=\u00bb30px\u00bb header_font_size_last_edited=\u00bbon|phone\u00bb border_radii_fields=\u00bbon|8px|8px|8px|8px\u00bb border_width_all_fields=\u00bb6px\u00bb border_color_all_fields=\u00bb#ffffff\u00bb button_letter_spacing_hover=\u00bb1px\u00bb button_text_size__hover_enabled=\u00bboff\u00bb button_one_text_size__hover_enabled=\u00bboff\u00bb button_two_text_size__hover_enabled=\u00bboff\u00bb button_text_color__hover_enabled=\u00bboff\u00bb button_one_text_color__hover_enabled=\u00bboff\u00bb button_two_text_color__hover_enabled=\u00bboff\u00bb button_border_width__hover_enabled=\u00bboff\u00bb button_one_border_width__hover_enabled=\u00bboff\u00bb button_two_border_width__hover_enabled=\u00bboff\u00bb button_border_color__hover_enabled=\u00bboff\u00bb button_one_border_color__hover_enabled=\u00bboff\u00bb button_two_border_color__hover_enabled=\u00bboff\u00bb button_border_radius__hover_enabled=\u00bboff\u00bb button_one_border_radius__hover_enabled=\u00bboff\u00bb button_two_border_radius__hover_enabled=\u00bboff\u00bb button_letter_spacing__hover_enabled=\u00bbon\u00bb button_letter_spacing__hover=\u00bb1px\u00bb button_one_letter_spacing__hover_enabled=\u00bboff\u00bb button_two_letter_spacing__hover_enabled=\u00bboff\u00bb button_bg_color__hover_enabled=\u00bboff\u00bb button_one_bg_color__hover_enabled=\u00bboff\u00bb button_two_bg_color__hover_enabled=\u00bboff\u00bb][\/et_pb_signup][\/et_pb_column][et_pb_column type=\u00bb1_4&#8243; _builder_version=\u00bb3.25&#8243; custom_padding=\u00bb|||\u00bb custom_padding__hover=\u00bb|||\u00bb][\/et_pb_column][\/et_pb_row][\/et_pb_section][et_pb_section fb_built=\u00bb1&#8243; prev_background_color=\u00bb#f1f5f7&#8243; admin_label=\u00bbFooter\u00bb _builder_version=\u00bb4.8.1&#8243; background_color=\u00bb#08939e\u00bb custom_padding=\u00bb37px||120px||false|false\u00bb top_divider_style=\u00bbwave2&#8243; top_divider_height=\u00bb60px\u00bb top_divider_repeat=\u00bb0.5x\u00bb bottom_divider_style=\u00bbclouds2&#8243; bottom_divider_color=\u00bbrgba(255,255,255,0.08)\u00bb bottom_divider_height=\u00bb600px\u00bb bottom_divider_flip=\u00bbvertical\u00bb][et_pb_row _builder_version=\u00bb3.25&#8243;][et_pb_column type=\u00bb4_4&#8243; _builder_version=\u00bb3.25&#8243; custom_padding=\u00bb|||\u00bb custom_padding__hover=\u00bb|||\u00bb][et_pb_text _builder_version=\u00bb4.8.1&#8243; text_font=\u00bbMontserrat||||||||\u00bb header_font=\u00bb||||||||\u00bb header_2_font=\u00bbMontserrat|300|||||||\u00bb header_2_text_align=\u00bbcenter\u00bb header_2_font_size=\u00bb50px\u00bb header_2_line_height=\u00bb1.4em\u00bb text_orientation=\u00bbcenter\u00bb background_layout=\u00bbdark\u00bb header_2_font_size_tablet=\u00bb\u00bb header_2_font_size_phone=\u00bb30px\u00bb header_2_font_size_last_edited=\u00bbon|phone\u00bb header_2_line_height_tablet=\u00bb1.4em\u00bb header_2_line_height_phone=\u00bb\u00bb header_2_line_height_last_edited=\u00bbon|desktop\u00bb]<\/p>\n<h2>Cuidar de ti es nuestra misi\u00f3n.<\/h2>\n<p>[\/et_pb_text][\/et_pb_column][\/et_pb_row][et_pb_row column_structure=\u00bb1_3,1_3,1_3&#8243; _builder_version=\u00bb3.25&#8243;][et_pb_column type=\u00bb1_3&#8243; _builder_version=\u00bb3.25&#8243; custom_padding=\u00bb|||\u00bb custom_padding__hover=\u00bb|||\u00bb][et_pb_blurb title=\u00bb93 59 59 539&#8243; use_icon=\u00bbon\u00bb font_icon=\u00bb%%264%%\u00bb icon_color=\u00bb#f0a6a3&#8243; use_circle=\u00bbon\u00bb circle_color=\u00bb#ffffff\u00bb icon_placement=\u00bbleft\u00bb use_icon_font_size=\u00bbon\u00bb icon_font_size=\u00bb16px\u00bb _builder_version=\u00bb4.8.1&#8243; header_font=\u00bbMontserrat||||||||\u00bb header_text_color=\u00bb#ffffff\u00bb header_font_size=\u00bb20px\u00bb header_line_height=\u00bb1.7em\u00bb][\/et_pb_blurb][\/et_pb_column][et_pb_column type=\u00bb1_3&#8243; _builder_version=\u00bb3.25&#8243; custom_padding=\u00bb|||\u00bb custom_padding__hover=\u00bb|||\u00bb][et_pb_blurb title=\u00bbcuidat@cuidatassistencia.cat\u00bb use_icon=\u00bbon\u00bb font_icon=\u00bb%%238%%\u00bb icon_color=\u00bb#f0a6a3&#8243; use_circle=\u00bbon\u00bb circle_color=\u00bb#ffffff\u00bb icon_placement=\u00bbleft\u00bb use_icon_font_size=\u00bbon\u00bb icon_font_size=\u00bb16px\u00bb _builder_version=\u00bb4.8.1&#8243; header_font=\u00bbMontserrat||||||||\u00bb header_text_color=\u00bb#ffffff\u00bb header_font_size=\u00bb20px\u00bb header_line_height=\u00bb1.7em\u00bb][\/et_pb_blurb][\/et_pb_column][et_pb_column type=\u00bb1_3&#8243; _builder_version=\u00bb3.25&#8243; custom_padding=\u00bb|||\u00bb custom_padding__hover=\u00bb|||\u00bb][et_pb_blurb title=\u00bbCasa Llac s\/n. Manresa\u00bb use_icon=\u00bbon\u00bb font_icon=\u00bb%%249%%\u00bb icon_color=\u00bb#f0a6a3&#8243; use_circle=\u00bbon\u00bb circle_color=\u00bb#ffffff\u00bb icon_placement=\u00bbleft\u00bb use_icon_font_size=\u00bbon\u00bb icon_font_size=\u00bb16px\u00bb _builder_version=\u00bb4.8.1&#8243; header_font=\u00bbMontserrat||||||||\u00bb header_text_color=\u00bb#ffffff\u00bb header_font_size=\u00bb20px\u00bb header_line_height=\u00bb1.7em\u00bb locked=\u00bboff\u00bb][\/et_pb_blurb][\/et_pb_column][\/et_pb_row][et_pb_row _builder_version=\u00bb3.25&#8243;][et_pb_column type=\u00bb4_4&#8243; _builder_version=\u00bb3.25&#8243; custom_padding=\u00bb|||\u00bb custom_padding__hover=\u00bb|||\u00bb][et_pb_button button_text=\u00bbContacta con nosotros\u00bb button_alignment=\u00bbcenter\u00bb _builder_version=\u00bb4.8.1&#8243; custom_button=\u00bbon\u00bb button_text_size=\u00bb14px\u00bb button_text_color=\u00bb#000000&#8243; button_bg_color=\u00bb#ffffff\u00bb button_border_width=\u00bb14px\u00bb button_border_color=\u00bb#ffffff\u00bb button_border_radius=\u00bb37px\u00bb button_font=\u00bbMontserrat|500|||||||\u00bb background_layout=\u00bbdark\u00bb custom_margin=\u00bb|||\u00bb custom_padding=\u00bb|||\u00bb locked=\u00bboff\u00bb button_text_size__hover_enabled=\u00bboff\u00bb button_one_text_size__hover_enabled=\u00bboff\u00bb button_two_text_size__hover_enabled=\u00bboff\u00bb button_text_color__hover_enabled=\u00bboff\u00bb button_one_text_color__hover_enabled=\u00bboff\u00bb button_two_text_color__hover_enabled=\u00bboff\u00bb button_border_width__hover_enabled=\u00bboff\u00bb button_one_border_width__hover_enabled=\u00bboff\u00bb button_two_border_width__hover_enabled=\u00bboff\u00bb button_border_color__hover_enabled=\u00bboff\u00bb button_one_border_color__hover_enabled=\u00bboff\u00bb button_two_border_color__hover_enabled=\u00bboff\u00bb button_border_radius__hover_enabled=\u00bboff\u00bb button_one_border_radius__hover_enabled=\u00bboff\u00bb button_two_border_radius__hover_enabled=\u00bboff\u00bb button_letter_spacing__hover_enabled=\u00bboff\u00bb button_one_letter_spacing__hover_enabled=\u00bboff\u00bb button_two_letter_spacing__hover_enabled=\u00bboff\u00bb button_bg_color__hover_enabled=\u00bboff\u00bb button_one_bg_color__hover_enabled=\u00bboff\u00bb button_two_bg_color__hover_enabled=\u00bboff\u00bb][\/et_pb_button][\/et_pb_column][\/et_pb_row][\/et_pb_section]<\/p>\n","protected":false},"excerpt":{"rendered":"<p>El Blog de cuida&#8217;tEste blog est\u00e1 creado con la finalidad que usuarios y fam\u00edlias puedan obtener informaci\u00f3n y alguna idea sobre el proceso natural de envejecer. Esperamos que podais encontrar respuestas a preguntas y cambios del d\u00eda a d\u00eda que os sean de utilidad para afrontar esta nueva etapa.Cuidar de ti es nuestra misi\u00f3n.<\/p>\n","protected":false},"author":1,"featured_media":0,"parent":0,"menu_order":2,"comment_status":"closed","ping_status":"closed","template":"","meta":{"_et_pb_use_builder":"on","_et_pb_old_content":"","_et_gb_content_width":"","footnotes":""},"class_list":["post-565","page","type-page","status-publish","hentry"],"yoast_head":"<!-- This site is optimized with the Yoast SEO plugin v26.4 - https:\/\/yoast.com\/wordpress\/plugins\/seo\/ -->\n<title>Blog<\/title>\n<meta name=\"robots\" content=\"index, follow, max-snippet:-1, max-image-preview:large, max-video-preview:-1\" \/>\n<link rel=\"canonical\" href=\"https:\/\/cuidatassistencia.cat\/es\/blog-cuidat\/\" \/>\n<meta property=\"og:locale\" content=\"es_ES\" \/>\n<meta property=\"og:type\" content=\"article\" \/>\n<meta property=\"og:title\" content=\"Blog\" \/>\n<meta property=\"og:description\" content=\"El Blog de cuida&#039;tEste blog est\u00e1 creado con la finalidad que usuarios y fam\u00edlias puedan obtener informaci\u00f3n y alguna idea sobre el proceso natural de envejecer. Esperamos que podais encontrar respuestas a preguntas y cambios del d\u00eda a d\u00eda que os sean de utilidad para afrontar esta nueva etapa.Cuidar de ti es nuestra misi\u00f3n.\" \/>\n<meta property=\"og:url\" content=\"https:\/\/cuidatassistencia.cat\/es\/blog-cuidat\/\" \/>\n<meta property=\"og:site_name\" content=\"cuidatassistencia.cat\" \/>\n<meta property=\"article:modified_time\" content=\"2021-03-09T15:04:45+00:00\" \/>\n<meta name=\"twitter:card\" content=\"summary_large_image\" \/>\n<meta name=\"twitter:label1\" content=\"Tiempo de lectura\" \/>\n\t<meta name=\"twitter:data1\" content=\"8 minutos\" \/>\n<script type=\"application\/ld+json\" class=\"yoast-schema-graph\">{\"@context\":\"https:\/\/schema.org\",\"@graph\":[{\"@type\":\"WebPage\",\"@id\":\"https:\/\/cuidatassistencia.cat\/es\/blog-cuidat\/\",\"url\":\"https:\/\/cuidatassistencia.cat\/es\/blog-cuidat\/\",\"name\":\"Blog\",\"isPartOf\":{\"@id\":\"https:\/\/cuidatassistencia.cat\/es\/#website\"},\"datePublished\":\"2021-01-24T16:33:35+00:00\",\"dateModified\":\"2021-03-09T15:04:45+00:00\",\"breadcrumb\":{\"@id\":\"https:\/\/cuidatassistencia.cat\/es\/blog-cuidat\/#breadcrumb\"},\"inLanguage\":\"es\",\"potentialAction\":[{\"@type\":\"ReadAction\",\"target\":[\"https:\/\/cuidatassistencia.cat\/es\/blog-cuidat\/\"]}]},{\"@type\":\"BreadcrumbList\",\"@id\":\"https:\/\/cuidatassistencia.cat\/es\/blog-cuidat\/#breadcrumb\",\"itemListElement\":[{\"@type\":\"ListItem\",\"position\":1,\"name\":\"Portada\",\"item\":\"https:\/\/cuidatassistencia.cat\/es\/\"},{\"@type\":\"ListItem\",\"position\":2,\"name\":\"Blog\"}]},{\"@type\":\"WebSite\",\"@id\":\"https:\/\/cuidatassistencia.cat\/es\/#website\",\"url\":\"https:\/\/cuidatassistencia.cat\/es\/\",\"name\":\"cuidatassistencia.cat\",\"description\":\"Atenci\u00f3 Domiciliaria\",\"publisher\":{\"@id\":\"https:\/\/cuidatassistencia.cat\/es\/#organization\"},\"potentialAction\":[{\"@type\":\"SearchAction\",\"target\":{\"@type\":\"EntryPoint\",\"urlTemplate\":\"https:\/\/cuidatassistencia.cat\/es\/?s={search_term_string}\"},\"query-input\":{\"@type\":\"PropertyValueSpecification\",\"valueRequired\":true,\"valueName\":\"search_term_string\"}}],\"inLanguage\":\"es\"},{\"@type\":\"Organization\",\"@id\":\"https:\/\/cuidatassistencia.cat\/es\/#organization\",\"name\":\"Cuida't Assistencia\",\"url\":\"https:\/\/cuidatassistencia.cat\/es\/\",\"logo\":{\"@type\":\"ImageObject\",\"inLanguage\":\"es\",\"@id\":\"https:\/\/cuidatassistencia.cat\/es\/#\/schema\/logo\/image\/\",\"url\":\"https:\/\/cuidatassistencia.cat\/wp-content\/uploads\/2021\/02\/Logo-Cuidat-assitencia-footer-1.png\",\"contentUrl\":\"https:\/\/cuidatassistencia.cat\/wp-content\/uploads\/2021\/02\/Logo-Cuidat-assitencia-footer-1.png\",\"width\":490,\"height\":315,\"caption\":\"Cuida't Assistencia\"},\"image\":{\"@id\":\"https:\/\/cuidatassistencia.cat\/es\/#\/schema\/logo\/image\/\"}}]}<\/script>\n<!-- \/ Yoast SEO plugin. -->","yoast_head_json":{"title":"Blog","robots":{"index":"index","follow":"follow","max-snippet":"max-snippet:-1","max-image-preview":"max-image-preview:large","max-video-preview":"max-video-preview:-1"},"canonical":"https:\/\/cuidatassistencia.cat\/es\/blog-cuidat\/","og_locale":"es_ES","og_type":"article","og_title":"Blog","og_description":"El Blog de cuida'tEste blog est\u00e1 creado con la finalidad que usuarios y fam\u00edlias puedan obtener informaci\u00f3n y alguna idea sobre el proceso natural de envejecer. Esperamos que podais encontrar respuestas a preguntas y cambios del d\u00eda a d\u00eda que os sean de utilidad para afrontar esta nueva etapa.Cuidar de ti es nuestra misi\u00f3n.","og_url":"https:\/\/cuidatassistencia.cat\/es\/blog-cuidat\/","og_site_name":"cuidatassistencia.cat","article_modified_time":"2021-03-09T15:04:45+00:00","twitter_card":"summary_large_image","twitter_misc":{"Tiempo de lectura":"8 minutos"},"schema":{"@context":"https:\/\/schema.org","@graph":[{"@type":"WebPage","@id":"https:\/\/cuidatassistencia.cat\/es\/blog-cuidat\/","url":"https:\/\/cuidatassistencia.cat\/es\/blog-cuidat\/","name":"Blog","isPartOf":{"@id":"https:\/\/cuidatassistencia.cat\/es\/#website"},"datePublished":"2021-01-24T16:33:35+00:00","dateModified":"2021-03-09T15:04:45+00:00","breadcrumb":{"@id":"https:\/\/cuidatassistencia.cat\/es\/blog-cuidat\/#breadcrumb"},"inLanguage":"es","potentialAction":[{"@type":"ReadAction","target":["https:\/\/cuidatassistencia.cat\/es\/blog-cuidat\/"]}]},{"@type":"BreadcrumbList","@id":"https:\/\/cuidatassistencia.cat\/es\/blog-cuidat\/#breadcrumb","itemListElement":[{"@type":"ListItem","position":1,"name":"Portada","item":"https:\/\/cuidatassistencia.cat\/es\/"},{"@type":"ListItem","position":2,"name":"Blog"}]},{"@type":"WebSite","@id":"https:\/\/cuidatassistencia.cat\/es\/#website","url":"https:\/\/cuidatassistencia.cat\/es\/","name":"cuidatassistencia.cat","description":"Atenci\u00f3 Domiciliaria","publisher":{"@id":"https:\/\/cuidatassistencia.cat\/es\/#organization"},"potentialAction":[{"@type":"SearchAction","target":{"@type":"EntryPoint","urlTemplate":"https:\/\/cuidatassistencia.cat\/es\/?s={search_term_string}"},"query-input":{"@type":"PropertyValueSpecification","valueRequired":true,"valueName":"search_term_string"}}],"inLanguage":"es"},{"@type":"Organization","@id":"https:\/\/cuidatassistencia.cat\/es\/#organization","name":"Cuida't Assistencia","url":"https:\/\/cuidatassistencia.cat\/es\/","logo":{"@type":"ImageObject","inLanguage":"es","@id":"https:\/\/cuidatassistencia.cat\/es\/#\/schema\/logo\/image\/","url":"https:\/\/cuidatassistencia.cat\/wp-content\/uploads\/2021\/02\/Logo-Cuidat-assitencia-footer-1.png","contentUrl":"https:\/\/cuidatassistencia.cat\/wp-content\/uploads\/2021\/02\/Logo-Cuidat-assitencia-footer-1.png","width":490,"height":315,"caption":"Cuida't Assistencia"},"image":{"@id":"https:\/\/cuidatassistencia.cat\/es\/#\/schema\/logo\/image\/"}}]}},"amp_enabled":true,"_links":{"self":[{"href":"https:\/\/cuidatassistencia.cat\/es\/wp-json\/wp\/v2\/pages\/565","targetHints":{"allow":["GET"]}}],"collection":[{"href":"https:\/\/cuidatassistencia.cat\/es\/wp-json\/wp\/v2\/pages"}],"about":[{"href":"https:\/\/cuidatassistencia.cat\/es\/wp-json\/wp\/v2\/types\/page"}],"author":[{"embeddable":true,"href":"https:\/\/cuidatassistencia.cat\/es\/wp-json\/wp\/v2\/users\/1"}],"replies":[{"embeddable":true,"href":"https:\/\/cuidatassistencia.cat\/es\/wp-json\/wp\/v2\/comments?post=565"}],"version-history":[{"count":0,"href":"https:\/\/cuidatassistencia.cat\/es\/wp-json\/wp\/v2\/pages\/565\/revisions"}],"wp:attachment":[{"href":"https:\/\/cuidatassistencia.cat\/es\/wp-json\/wp\/v2\/media?parent=565"}],"curies":[{"name":"wp","href":"https:\/\/api.w.org\/{rel}","templated":true}]}}