{"id":570,"date":"2021-01-24T16:37:23","date_gmt":"2021-01-24T16:37:23","guid":{"rendered":"https:\/\/cuidatassistencia.cat\/?page_id=570"},"modified":"2021-02-09T17:23:08","modified_gmt":"2021-02-09T17:23:08","slug":"quieres-trabajar-con-nosotros","status":"publish","type":"page","link":"https:\/\/cuidatassistencia.cat\/es\/quieres-trabajar-con-nosotros\/","title":{"rendered":"\u00bfQuieres trabajar con nosotros?"},"content":{"rendered":"<p>[et_pb_section fb_built=\u00bb1&#8243; admin_label=\u00bbHero\u00bb module_id=\u00bbcontacte\u00bb _builder_version=\u00bb4.8.1&#8243; custom_padding=\u00bb100px|0px|100px|0px|true|false\u00bb bottom_divider_height=\u00bb0px\u00bb][et_pb_row _builder_version=\u00bb3.25&#8243; custom_margin=\u00bb|||\u00bb custom_margin_tablet=\u00bb||0px|\u00bb custom_margin_last_edited=\u00bboff|desktop\u00bb custom_padding=\u00bb|||0px||\u00bb][et_pb_column type=\u00bb4_4&#8243; _builder_version=\u00bb3.25&#8243; custom_padding=\u00bb|||\u00bb custom_padding_tablet=\u00bb0px|50px|50px|50px\u00bb custom_padding_last_edited=\u00bboff|desktop\u00bb padding_tablet=\u00bb0px|50px|50px|50px\u00bb padding_last_edited=\u00bboff|desktop\u00bb custom_padding__hover=\u00bb|||\u00bb][et_pb_text _builder_version=\u00bb4.8.1&#8243; text_font=\u00bbMontserrat|300|||||||\u00bb text_text_color=\u00bb#677a92&#8243; text_font_size=\u00bb16px\u00bb text_line_height=\u00bb1.8em\u00bb header_font=\u00bbMontserrat||||||||\u00bb header_font_size=\u00bb50px\u00bb header_line_height=\u00bb1.3em\u00bb header_2_font=\u00bb||||||||\u00bb max_width=\u00bb750px\u00bb custom_margin=\u00bb|||\u00bb custom_margin_tablet=\u00bb0px|50px||50px\u00bb custom_margin_phone=\u00bb|20px||\u00bb custom_margin_last_edited=\u00bboff|desktop\u00bb custom_padding=\u00bb|||9px||\u00bb text_line_height_tablet=\u00bb1.8em\u00bb text_line_height_phone=\u00bb1.8em\u00bb text_line_height_last_edited=\u00bbon|phone\u00bb header_font_size_tablet=\u00bb\u00bb header_font_size_phone=\u00bb36px\u00bb header_font_size_last_edited=\u00bbon|phone\u00bb header_2_font_size_phone=\u00bb30px\u00bb header_2_font_size_last_edited=\u00bboff|desktop\u00bb locked=\u00bboff\u00bb]<\/p>\n<h1>\u00bfQuieres trabajar con nosotros?<\/h1>\n<p>[\/et_pb_text][et_pb_text _builder_version=\u00bb4.8.1&#8243; text_font=\u00bbMontserrat|300|||||||\u00bb text_font_size=\u00bb16px\u00bb text_line_height=\u00bb2em\u00bb link_font=\u00bb||||||||\u00bb ul_font=\u00bb||||||||\u00bb ol_font=\u00bb||||||||\u00bb quote_font=\u00bb||||||||\u00bb header_font=\u00bb||||||||\u00bb header_2_font=\u00bbMontserrat|300|||||||\u00bb header_2_text_color=\u00bb#212d3b\u00bb header_2_font_size=\u00bb40px\u00bb header_2_line_height=\u00bb1.5em\u00bb max_width=\u00bb750px\u00bb custom_margin=\u00bb|||\u00bb custom_margin_tablet=\u00bb0px|50px||50px\u00bb custom_margin_last_edited=\u00bboff|desktop\u00bb custom_padding=\u00bb|||12px||\u00bb locked=\u00bboff\u00bb]<\/p>\n<p style=\"text-align: left;\">Si tienes inter\u00e9s en formar parte de un equipo de trabajo joven, din\u00e1mico y humano, donde lo m\u00e1s importante para nosotros es el cuidado de las personas, ponte en contacto con nosotros enviandonos tu curr\u00edculum y nos pondremos en contacto contigo para concertar una entrevista.<\/p>\n<p>[\/et_pb_text][\/et_pb_column][\/et_pb_row][\/et_pb_section][et_pb_section fb_built=\u00bb1&#8243; admin_label=\u00bbFAQ\u00bb _builder_version=\u00bb4.8.1&#8243; background_color=\u00bb#f1f5f7&#8243; background_image=\u00bbhttps:\/\/cuidatassistencia.cat\/wp-content\/uploads\/2021\/01\/cherry-blossom-tree-1225186_1920.jpg\u00bb custom_margin=\u00bb|||-1px||\u00bb custom_padding=\u00bb100px|11px|100px|14px|true|false\u00bb border_radii=\u00bbon|80px|80px|80px|80px\u00bb border_width_all=\u00bb9px\u00bb border_color_all=\u00bb#f0a6a3&#8243; box_shadow_style=\u00bbpreset6&#8243; box_shadow_blur=\u00bb35px\u00bb][et_pb_row _builder_version=\u00bb4.8.1&#8243; background_color=\u00bb#FFFFFF\u00bb hover_enabled=\u00bb0&#8243; border_radii=\u00bbon|80px|80px|80px|80px\u00bb border_width_all=\u00bb6px\u00bb border_color_all=\u00bb#03989e\u00bb box_shadow_style=\u00bbpreset6&#8243; box_shadow_color=\u00bb#03989e\u00bb column_structure=\u00bb1_5,3_5,1_5&#8243; width=\u00bb96.1%\u00bb sticky_enabled=\u00bb0&#8243; custom_padding=\u00bb|5px||||\u00bb][et_pb_column type=\u00bb1_5&#8243; _builder_version=\u00bb3.25&#8243; custom_padding=\u00bb|||\u00bb custom_padding__hover=\u00bb|||\u00bb][\/et_pb_column][et_pb_column type=\u00bb3_5&#8243; _builder_version=\u00bb3.25&#8243; custom_padding=\u00bb|||\u00bb custom_padding__hover=\u00bb|||\u00bb][et_pb_code _builder_version=\u00bb4.8.1&#8243; _module_preset=\u00bbdefault\u00bb text_orientation=\u00bbcenter\u00bb hover_enabled=\u00bb0&#8243; custom_padding=\u00bb|18px||0px||\u00bb sticky_enabled=\u00bb0&#8243; custom_margin=\u00bb|||14px||\u00bb]\n<div class=\"wpcf7 no-js\" id=\"wpcf7-f691-o1\" lang=\"ca\" dir=\"ltr\" data-wpcf7-id=\"691\">\n<div class=\"screen-reader-response\"><p role=\"status\" aria-live=\"polite\" aria-atomic=\"true\"><\/p> <ul><\/ul><\/div>\n<form action=\"\/es\/wp-json\/wp\/v2\/pages\/570#wpcf7-f691-o1\" method=\"post\" class=\"wpcf7-form init\" aria-label=\"Formulari de contacte\" enctype=\"multipart\/form-data\" novalidate=\"novalidate\" data-status=\"init\">\n<fieldset class=\"hidden-fields-container\"><input type=\"hidden\" name=\"_wpcf7\" value=\"691\" \/><input type=\"hidden\" name=\"_wpcf7_version\" value=\"6.1.4\" \/><input type=\"hidden\" name=\"_wpcf7_locale\" value=\"ca\" \/><input type=\"hidden\" name=\"_wpcf7_unit_tag\" value=\"wpcf7-f691-o1\" \/><input type=\"hidden\" name=\"_wpcf7_container_post\" value=\"0\" \/><input type=\"hidden\" name=\"_wpcf7_posted_data_hash\" value=\"\" \/><input type=\"hidden\" name=\"_wpcf7_recaptcha_response\" value=\"\" \/>\n<\/fieldset>\n<p><label> Nombre(*)<br \/>\n<span class=\"wpcf7-form-control-wrap\" data-name=\"nombre\"><input size=\"40\" maxlength=\"400\" class=\"wpcf7-form-control wpcf7-text wpcf7-validates-as-required\" aria-required=\"true\" aria-invalid=\"false\" value=\"\" type=\"text\" name=\"nombre\" \/><\/span> <\/label>\n<\/p>\n<p><label> Correo electr\u00f3nico(*)<br \/>\n<span class=\"wpcf7-form-control-wrap\" data-name=\"email\"><input size=\"40\" maxlength=\"400\" class=\"wpcf7-form-control wpcf7-email wpcf7-validates-as-required wpcf7-text wpcf7-validates-as-email\" aria-required=\"true\" aria-invalid=\"false\" value=\"\" type=\"email\" name=\"email\" \/><\/span> <\/label>\n<\/p>\n<p><label> Tel\u00e9fono(*)<br \/>\n<span class=\"wpcf7-form-control-wrap\" data-name=\"tel-187\"><input size=\"40\" maxlength=\"400\" class=\"wpcf7-form-control wpcf7-tel wpcf7-validates-as-required wpcf7-text wpcf7-validates-as-tel\" aria-required=\"true\" aria-invalid=\"false\" value=\"\" type=\"tel\" name=\"tel-187\" \/><\/span> <\/label>\n<\/p>\n<p><label> Mensaje(*)<br \/>\n<span class=\"wpcf7-form-control-wrap\" data-name=\"mensaje\"><textarea cols=\"40\" rows=\"10\" maxlength=\"2000\" class=\"wpcf7-form-control wpcf7-textarea wpcf7-validates-as-required\" aria-required=\"true\" aria-invalid=\"false\" name=\"mensaje\"><\/textarea><\/span> <\/label>\n<\/p>\n<p><label> Adjunta tu CV(*)<br \/>\n<span class=\"wpcf7-form-control-wrap\" data-name=\"file-300\"><input size=\"40\" class=\"wpcf7-form-control wpcf7-file wpcf7-validates-as-required\" accept=\".pdf\" aria-required=\"true\" aria-invalid=\"false\" type=\"file\" name=\"file-300\" \/><\/span> <\/label>\n<\/p>\n<p><span class=\"wpcf7-form-control-wrap\" data-name=\"acceptance-963\"><span class=\"wpcf7-form-control wpcf7-acceptance\"><span class=\"wpcf7-list-item\"><label><input type=\"checkbox\" name=\"acceptance-963\" value=\"1\" aria-invalid=\"false\" \/><span class=\"wpcf7-list-item-label\">He le\u00eddo y accepto la <a href=\"https:\/\/cuidatassistencia.cat\/es\/politica-de-privacidad\/\" target=\"_black\" rel=\"nofollow\"> pol\u00edtica de privacidad <\/a><\/span><\/label><\/span><\/span><\/span>\n<\/p>\n<p><input class=\"wpcf7-form-control wpcf7-submit has-spinner\" type=\"submit\" value=\"Enviar\" \/>\n<\/p><div class=\"wpcf7-response-output\" aria-hidden=\"true\"><\/div>\n<\/form>\n<\/div>\n[\/et_pb_code][\/et_pb_column][et_pb_column type=\u00bb1_5&#8243; _builder_version=\u00bb3.25&#8243; custom_padding=\u00bb|||\u00bb custom_padding__hover=\u00bb|||\u00bb][\/et_pb_column][\/et_pb_row][\/et_pb_section][et_pb_section fb_built=\u00bb1&#8243; admin_label=\u00bbFooter\u00bb _builder_version=\u00bb4.8.1&#8243; background_color=\u00bb#03989e\u00bb custom_padding=\u00bb28px||120px||false|false\u00bb top_divider_height=\u00bb40px\u00bb top_divider_repeat=\u00bb0.5x\u00bb bottom_divider_style=\u00bbclouds2&#8243; bottom_divider_color=\u00bbrgba(255,255,255,0.08)\u00bb bottom_divider_height=\u00bb600px\u00bb bottom_divider_flip=\u00bbvertical\u00bb][et_pb_row _builder_version=\u00bb3.25&#8243;][et_pb_column type=\u00bb4_4&#8243; _builder_version=\u00bb3.25&#8243; custom_padding=\u00bb|||\u00bb custom_padding__hover=\u00bb|||\u00bb][et_pb_text _builder_version=\u00bb4.8.1&#8243; text_font=\u00bbMontserrat||||||||\u00bb header_font=\u00bb||||||||\u00bb header_2_font=\u00bbMontserrat|300|||||||\u00bb header_2_text_align=\u00bbcenter\u00bb header_2_font_size=\u00bb50px\u00bb header_2_line_height=\u00bb1.4em\u00bb text_orientation=\u00bbcenter\u00bb background_layout=\u00bbdark\u00bb header_2_font_size_tablet=\u00bb\u00bb header_2_font_size_phone=\u00bb30px\u00bb header_2_font_size_last_edited=\u00bbon|phone\u00bb header_2_line_height_tablet=\u00bb1.4em\u00bb header_2_line_height_phone=\u00bb\u00bb header_2_line_height_last_edited=\u00bbon|desktop\u00bb]<\/p>\n<h2>Cuidar de ti es nuestra misi\u00f3n.<\/h2>\n<p>[\/et_pb_text][\/et_pb_column][\/et_pb_row][et_pb_row column_structure=\u00bb1_3,1_3,1_3&#8243; _builder_version=\u00bb3.25&#8243;][et_pb_column type=\u00bb1_3&#8243; _builder_version=\u00bb3.25&#8243; custom_padding=\u00bb|||\u00bb custom_padding__hover=\u00bb|||\u00bb][et_pb_blurb title=\u00bb93 59 59 539&#8243; use_icon=\u00bbon\u00bb font_icon=\u00bb%%264%%\u00bb icon_color=\u00bb#f0a6a3&#8243; use_circle=\u00bbon\u00bb circle_color=\u00bb#ffffff\u00bb icon_placement=\u00bbleft\u00bb use_icon_font_size=\u00bbon\u00bb icon_font_size=\u00bb16px\u00bb _builder_version=\u00bb4.8.1&#8243; header_font=\u00bbMontserrat||||||||\u00bb header_text_color=\u00bb#ffffff\u00bb header_font_size=\u00bb20px\u00bb header_line_height=\u00bb1.7em\u00bb][\/et_pb_blurb][\/et_pb_column][et_pb_column type=\u00bb1_3&#8243; _builder_version=\u00bb3.25&#8243; custom_padding=\u00bb|||\u00bb custom_padding__hover=\u00bb|||\u00bb][et_pb_blurb title=\u00bbcuidat@cuidatassistencia.cat\u00bb use_icon=\u00bbon\u00bb font_icon=\u00bb%%238%%\u00bb icon_color=\u00bb#f0a6a3&#8243; use_circle=\u00bbon\u00bb circle_color=\u00bb#ffffff\u00bb icon_placement=\u00bbleft\u00bb use_icon_font_size=\u00bbon\u00bb icon_font_size=\u00bb16px\u00bb _builder_version=\u00bb4.8.1&#8243; header_font=\u00bbMontserrat||||||||\u00bb header_text_color=\u00bb#ffffff\u00bb header_font_size=\u00bb20px\u00bb header_line_height=\u00bb1.7em\u00bb locked=\u00bboff\u00bb][\/et_pb_blurb][\/et_pb_column][et_pb_column type=\u00bb1_3&#8243; _builder_version=\u00bb3.25&#8243; custom_padding=\u00bb|||\u00bb custom_padding__hover=\u00bb|||\u00bb][et_pb_blurb title=\u00bbCasa Llac s\/n. Manresa.\u00bb use_icon=\u00bbon\u00bb font_icon=\u00bb%%249%%\u00bb icon_color=\u00bb#f0a6a3&#8243; use_circle=\u00bbon\u00bb circle_color=\u00bb#ffffff\u00bb icon_placement=\u00bbleft\u00bb use_icon_font_size=\u00bbon\u00bb icon_font_size=\u00bb16px\u00bb _builder_version=\u00bb4.8.1&#8243; header_font=\u00bbMontserrat||||||||\u00bb header_text_color=\u00bb#ffffff\u00bb header_font_size=\u00bb20px\u00bb header_line_height=\u00bb1.7em\u00bb][\/et_pb_blurb][\/et_pb_column][\/et_pb_row][et_pb_row admin_label=\u00bbButton Area\u00bb _builder_version=\u00bb3.25&#8243;][et_pb_column type=\u00bb4_4&#8243; _builder_version=\u00bb3.25&#8243; custom_padding=\u00bb|||\u00bb custom_padding__hover=\u00bb|||\u00bb][et_pb_button button_url=\u00bbhttps:\/\/cuidatassistencia.cat\/es\/contacto\/\u00bb button_text=\u00bbContacta con nosotros\u00bb button_alignment=\u00bbcenter\u00bb _builder_version=\u00bb4.8.1&#8243; custom_button=\u00bbon\u00bb button_text_size=\u00bb14px\u00bb button_text_color=\u00bb#000000&#8243; button_bg_color=\u00bb#ffffff\u00bb button_border_width=\u00bb14px\u00bb button_border_color=\u00bb#ffffff\u00bb button_border_radius=\u00bb37px\u00bb button_font=\u00bbMontserrat|500|||||||\u00bb background_layout=\u00bbdark\u00bb custom_margin=\u00bb|||\u00bb custom_padding=\u00bb|||\u00bb locked=\u00bboff\u00bb button_text_size__hover_enabled=\u00bboff\u00bb button_one_text_size__hover_enabled=\u00bboff\u00bb button_two_text_size__hover_enabled=\u00bboff\u00bb button_text_color__hover_enabled=\u00bboff\u00bb button_one_text_color__hover_enabled=\u00bboff\u00bb button_two_text_color__hover_enabled=\u00bboff\u00bb button_border_width__hover_enabled=\u00bboff\u00bb button_one_border_width__hover_enabled=\u00bboff\u00bb button_two_border_width__hover_enabled=\u00bboff\u00bb button_border_color__hover_enabled=\u00bboff\u00bb button_one_border_color__hover_enabled=\u00bboff\u00bb button_two_border_color__hover_enabled=\u00bboff\u00bb button_border_radius__hover_enabled=\u00bboff\u00bb button_one_border_radius__hover_enabled=\u00bboff\u00bb button_two_border_radius__hover_enabled=\u00bboff\u00bb button_letter_spacing__hover_enabled=\u00bboff\u00bb button_one_letter_spacing__hover_enabled=\u00bboff\u00bb button_two_letter_spacing__hover_enabled=\u00bboff\u00bb button_bg_color__hover_enabled=\u00bboff\u00bb button_one_bg_color__hover_enabled=\u00bboff\u00bb button_two_bg_color__hover_enabled=\u00bboff\u00bb][\/et_pb_button][\/et_pb_column][\/et_pb_row][\/et_pb_section]<\/p>\n","protected":false},"excerpt":{"rendered":"<p>\u00bfQuieres trabajar con nosotros?Si tienes inter\u00e9s en formar parte de un equipo de trabajo joven, din\u00e1mico y humano, donde lo m\u00e1s importante para nosotros es el cuidado de las personas, ponte en contacto con nosotros enviandonos tu curr\u00edculum y nos pondremos en contacto contigo para concertar una entrevista.\n<div class=\"wpcf7 no-js\" id=\"wpcf7-f691-o2\" lang=\"ca\" dir=\"ltr\" data-wpcf7-id=\"691\">\n<div class=\"screen-reader-response\"><p role=\"status\" aria-live=\"polite\" aria-atomic=\"true\"><\/p> <ul><\/ul><\/div>\n<form action=\"\/es\/wp-json\/wp\/v2\/pages\/570#wpcf7-f691-o2\" method=\"post\" class=\"wpcf7-form init\" aria-label=\"Formulari de contacte\" enctype=\"multipart\/form-data\" novalidate=\"novalidate\" data-status=\"init\">\n<fieldset class=\"hidden-fields-container\"><input type=\"hidden\" name=\"_wpcf7\" value=\"691\" \/><input type=\"hidden\" name=\"_wpcf7_version\" value=\"6.1.4\" \/><input type=\"hidden\" name=\"_wpcf7_locale\" value=\"ca\" \/><input type=\"hidden\" name=\"_wpcf7_unit_tag\" value=\"wpcf7-f691-o2\" \/><input type=\"hidden\" name=\"_wpcf7_container_post\" value=\"0\" \/><input type=\"hidden\" name=\"_wpcf7_posted_data_hash\" value=\"\" \/><input type=\"hidden\" name=\"_wpcf7_recaptcha_response\" value=\"\" \/>\n<\/fieldset>\n<p><label> Nombre(*)<br \/>\n<span class=\"wpcf7-form-control-wrap\" data-name=\"nombre\"><input size=\"40\" maxlength=\"400\" class=\"wpcf7-form-control wpcf7-text wpcf7-validates-as-required\" aria-required=\"true\" aria-invalid=\"false\" value=\"\" type=\"text\" name=\"nombre\" \/><\/span> <\/label>\n<\/p>\n<p><label> Correo electr\u00f3nico(*)<br \/>\n<span class=\"wpcf7-form-control-wrap\" data-name=\"email\"><input size=\"40\" maxlength=\"400\" class=\"wpcf7-form-control wpcf7-email wpcf7-validates-as-required wpcf7-text wpcf7-validates-as-email\" aria-required=\"true\" aria-invalid=\"false\" value=\"\" type=\"email\" name=\"email\" \/><\/span> <\/label>\n<\/p>\n<p><label> Tel\u00e9fono(*)<br \/>\n<span class=\"wpcf7-form-control-wrap\" data-name=\"tel-187\"><input size=\"40\" maxlength=\"400\" class=\"wpcf7-form-control wpcf7-tel wpcf7-validates-as-required wpcf7-text wpcf7-validates-as-tel\" aria-required=\"true\" aria-invalid=\"false\" value=\"\" type=\"tel\" name=\"tel-187\" \/><\/span> <\/label>\n<\/p>\n<p><label> Mensaje(*)<br \/>\n<span class=\"wpcf7-form-control-wrap\" data-name=\"mensaje\"><textarea cols=\"40\" rows=\"10\" maxlength=\"2000\" class=\"wpcf7-form-control wpcf7-textarea wpcf7-validates-as-required\" aria-required=\"true\" aria-invalid=\"false\" name=\"mensaje\"><\/textarea><\/span> <\/label>\n<\/p>\n<p><label> Adjunta tu CV(*)<br \/>\n<span class=\"wpcf7-form-control-wrap\" data-name=\"file-300\"><input size=\"40\" class=\"wpcf7-form-control wpcf7-file wpcf7-validates-as-required\" accept=\".pdf\" aria-required=\"true\" aria-invalid=\"false\" type=\"file\" name=\"file-300\" \/><\/span> <\/label>\n<\/p>\n<p><span class=\"wpcf7-form-control-wrap\" data-name=\"acceptance-963\"><span class=\"wpcf7-form-control wpcf7-acceptance\"><span class=\"wpcf7-list-item\"><label><input type=\"checkbox\" name=\"acceptance-963\" value=\"1\" aria-invalid=\"false\" \/><span class=\"wpcf7-list-item-label\">He le\u00eddo y accepto la <a href=\"https:\/\/cuidatassistencia.cat\/es\/politica-de-privacidad\/\" target=\"_black\" rel=\"nofollow\"> pol\u00edtica de privacidad <\/a><\/span><\/label><\/span><\/span><\/span>\n<\/p>\n<p><input class=\"wpcf7-form-control wpcf7-submit has-spinner\" type=\"submit\" value=\"Enviar\" \/>\n<\/p><div class=\"wpcf7-response-output\" aria-hidden=\"true\"><\/div>\n<\/form>\n<\/div>\nCuidar de ti es nuestra [&hellip;]<\/p>\n","protected":false},"author":1,"featured_media":0,"parent":0,"menu_order":4,"comment_status":"closed","ping_status":"closed","template":"","meta":{"_et_pb_use_builder":"on","_et_pb_old_content":"","_et_gb_content_width":"","footnotes":""},"class_list":["post-570","page","type-page","status-publish","hentry"],"yoast_head":"<!-- This site is optimized with the Yoast SEO plugin v26.4 - https:\/\/yoast.com\/wordpress\/plugins\/seo\/ -->\n<title>\u00bfQuieres trabajar con nosotros?<\/title>\n<meta name=\"robots\" content=\"index, follow, max-snippet:-1, max-image-preview:large, max-video-preview:-1\" \/>\n<link rel=\"canonical\" href=\"https:\/\/cuidatassistencia.cat\/es\/quieres-trabajar-con-nosotros\/\" \/>\n<meta property=\"og:locale\" content=\"es_ES\" \/>\n<meta property=\"og:type\" content=\"article\" \/>\n<meta property=\"og:title\" content=\"\u00bfQuieres trabajar con nosotros?\" \/>\n<meta property=\"og:description\" content=\"\u00bfQuieres trabajar con nosotros?Si tienes inter\u00e9s en formar parte de un equipo de trabajo joven, din\u00e1mico y humano, donde lo m\u00e1s importante para nosotros es el cuidado de las personas, ponte en contacto con nosotros enviandonos tu curr\u00edculum y nos pondremos en contacto contigo para concertar una entrevista.Cuidar de ti es nuestra [&hellip;]\" \/>\n<meta property=\"og:url\" content=\"https:\/\/cuidatassistencia.cat\/es\/quieres-trabajar-con-nosotros\/\" \/>\n<meta property=\"og:site_name\" content=\"cuidatassistencia.cat\" \/>\n<meta property=\"article:modified_time\" content=\"2021-02-09T17:23:08+00:00\" \/>\n<meta name=\"twitter:card\" content=\"summary_large_image\" \/>\n<meta name=\"twitter:label1\" content=\"Tiempo de lectura\" \/>\n\t<meta name=\"twitter:data1\" content=\"5 minutos\" \/>\n<script type=\"application\/ld+json\" class=\"yoast-schema-graph\">{\"@context\":\"https:\/\/schema.org\",\"@graph\":[{\"@type\":\"WebPage\",\"@id\":\"https:\/\/cuidatassistencia.cat\/es\/quieres-trabajar-con-nosotros\/\",\"url\":\"https:\/\/cuidatassistencia.cat\/es\/quieres-trabajar-con-nosotros\/\",\"name\":\"\u00bfQuieres trabajar con nosotros?\",\"isPartOf\":{\"@id\":\"https:\/\/cuidatassistencia.cat\/es\/#website\"},\"datePublished\":\"2021-01-24T16:37:23+00:00\",\"dateModified\":\"2021-02-09T17:23:08+00:00\",\"breadcrumb\":{\"@id\":\"https:\/\/cuidatassistencia.cat\/es\/quieres-trabajar-con-nosotros\/#breadcrumb\"},\"inLanguage\":\"es\",\"potentialAction\":[{\"@type\":\"ReadAction\",\"target\":[\"https:\/\/cuidatassistencia.cat\/es\/quieres-trabajar-con-nosotros\/\"]}]},{\"@type\":\"BreadcrumbList\",\"@id\":\"https:\/\/cuidatassistencia.cat\/es\/quieres-trabajar-con-nosotros\/#breadcrumb\",\"itemListElement\":[{\"@type\":\"ListItem\",\"position\":1,\"name\":\"Portada\",\"item\":\"https:\/\/cuidatassistencia.cat\/es\/\"},{\"@type\":\"ListItem\",\"position\":2,\"name\":\"\u00bfQuieres trabajar con nosotros?\"}]},{\"@type\":\"WebSite\",\"@id\":\"https:\/\/cuidatassistencia.cat\/es\/#website\",\"url\":\"https:\/\/cuidatassistencia.cat\/es\/\",\"name\":\"cuidatassistencia.cat\",\"description\":\"Atenci\u00f3 Domiciliaria\",\"publisher\":{\"@id\":\"https:\/\/cuidatassistencia.cat\/es\/#organization\"},\"potentialAction\":[{\"@type\":\"SearchAction\",\"target\":{\"@type\":\"EntryPoint\",\"urlTemplate\":\"https:\/\/cuidatassistencia.cat\/es\/?s={search_term_string}\"},\"query-input\":{\"@type\":\"PropertyValueSpecification\",\"valueRequired\":true,\"valueName\":\"search_term_string\"}}],\"inLanguage\":\"es\"},{\"@type\":\"Organization\",\"@id\":\"https:\/\/cuidatassistencia.cat\/es\/#organization\",\"name\":\"Cuida't Assistencia\",\"url\":\"https:\/\/cuidatassistencia.cat\/es\/\",\"logo\":{\"@type\":\"ImageObject\",\"inLanguage\":\"es\",\"@id\":\"https:\/\/cuidatassistencia.cat\/es\/#\/schema\/logo\/image\/\",\"url\":\"https:\/\/cuidatassistencia.cat\/wp-content\/uploads\/2021\/02\/Logo-Cuidat-assitencia-footer-1.png\",\"contentUrl\":\"https:\/\/cuidatassistencia.cat\/wp-content\/uploads\/2021\/02\/Logo-Cuidat-assitencia-footer-1.png\",\"width\":490,\"height\":315,\"caption\":\"Cuida't Assistencia\"},\"image\":{\"@id\":\"https:\/\/cuidatassistencia.cat\/es\/#\/schema\/logo\/image\/\"}}]}<\/script>\n<!-- \/ Yoast SEO plugin. -->","yoast_head_json":{"title":"\u00bfQuieres trabajar con nosotros?","robots":{"index":"index","follow":"follow","max-snippet":"max-snippet:-1","max-image-preview":"max-image-preview:large","max-video-preview":"max-video-preview:-1"},"canonical":"https:\/\/cuidatassistencia.cat\/es\/quieres-trabajar-con-nosotros\/","og_locale":"es_ES","og_type":"article","og_title":"\u00bfQuieres trabajar con nosotros?","og_description":"\u00bfQuieres trabajar con nosotros?Si tienes inter\u00e9s en formar parte de un equipo de trabajo joven, din\u00e1mico y humano, donde lo m\u00e1s importante para nosotros es el cuidado de las personas, ponte en contacto con nosotros enviandonos tu curr\u00edculum y nos pondremos en contacto contigo para concertar una entrevista.Cuidar de ti es nuestra [&hellip;]","og_url":"https:\/\/cuidatassistencia.cat\/es\/quieres-trabajar-con-nosotros\/","og_site_name":"cuidatassistencia.cat","article_modified_time":"2021-02-09T17:23:08+00:00","twitter_card":"summary_large_image","twitter_misc":{"Tiempo de lectura":"5 minutos"},"schema":{"@context":"https:\/\/schema.org","@graph":[{"@type":"WebPage","@id":"https:\/\/cuidatassistencia.cat\/es\/quieres-trabajar-con-nosotros\/","url":"https:\/\/cuidatassistencia.cat\/es\/quieres-trabajar-con-nosotros\/","name":"\u00bfQuieres trabajar con nosotros?","isPartOf":{"@id":"https:\/\/cuidatassistencia.cat\/es\/#website"},"datePublished":"2021-01-24T16:37:23+00:00","dateModified":"2021-02-09T17:23:08+00:00","breadcrumb":{"@id":"https:\/\/cuidatassistencia.cat\/es\/quieres-trabajar-con-nosotros\/#breadcrumb"},"inLanguage":"es","potentialAction":[{"@type":"ReadAction","target":["https:\/\/cuidatassistencia.cat\/es\/quieres-trabajar-con-nosotros\/"]}]},{"@type":"BreadcrumbList","@id":"https:\/\/cuidatassistencia.cat\/es\/quieres-trabajar-con-nosotros\/#breadcrumb","itemListElement":[{"@type":"ListItem","position":1,"name":"Portada","item":"https:\/\/cuidatassistencia.cat\/es\/"},{"@type":"ListItem","position":2,"name":"\u00bfQuieres trabajar con nosotros?"}]},{"@type":"WebSite","@id":"https:\/\/cuidatassistencia.cat\/es\/#website","url":"https:\/\/cuidatassistencia.cat\/es\/","name":"cuidatassistencia.cat","description":"Atenci\u00f3 Domiciliaria","publisher":{"@id":"https:\/\/cuidatassistencia.cat\/es\/#organization"},"potentialAction":[{"@type":"SearchAction","target":{"@type":"EntryPoint","urlTemplate":"https:\/\/cuidatassistencia.cat\/es\/?s={search_term_string}"},"query-input":{"@type":"PropertyValueSpecification","valueRequired":true,"valueName":"search_term_string"}}],"inLanguage":"es"},{"@type":"Organization","@id":"https:\/\/cuidatassistencia.cat\/es\/#organization","name":"Cuida't Assistencia","url":"https:\/\/cuidatassistencia.cat\/es\/","logo":{"@type":"ImageObject","inLanguage":"es","@id":"https:\/\/cuidatassistencia.cat\/es\/#\/schema\/logo\/image\/","url":"https:\/\/cuidatassistencia.cat\/wp-content\/uploads\/2021\/02\/Logo-Cuidat-assitencia-footer-1.png","contentUrl":"https:\/\/cuidatassistencia.cat\/wp-content\/uploads\/2021\/02\/Logo-Cuidat-assitencia-footer-1.png","width":490,"height":315,"caption":"Cuida't Assistencia"},"image":{"@id":"https:\/\/cuidatassistencia.cat\/es\/#\/schema\/logo\/image\/"}}]}},"amp_enabled":true,"_links":{"self":[{"href":"https:\/\/cuidatassistencia.cat\/es\/wp-json\/wp\/v2\/pages\/570","targetHints":{"allow":["GET"]}}],"collection":[{"href":"https:\/\/cuidatassistencia.cat\/es\/wp-json\/wp\/v2\/pages"}],"about":[{"href":"https:\/\/cuidatassistencia.cat\/es\/wp-json\/wp\/v2\/types\/page"}],"author":[{"embeddable":true,"href":"https:\/\/cuidatassistencia.cat\/es\/wp-json\/wp\/v2\/users\/1"}],"replies":[{"embeddable":true,"href":"https:\/\/cuidatassistencia.cat\/es\/wp-json\/wp\/v2\/comments?post=570"}],"version-history":[{"count":0,"href":"https:\/\/cuidatassistencia.cat\/es\/wp-json\/wp\/v2\/pages\/570\/revisions"}],"wp:attachment":[{"href":"https:\/\/cuidatassistencia.cat\/es\/wp-json\/wp\/v2\/media?parent=570"}],"curies":[{"name":"wp","href":"https:\/\/api.w.org\/{rel}","templated":true}]}}